{"id":33,"date":"2023-03-14T15:47:43","date_gmt":"2023-03-14T06:47:43","guid":{"rendered":"https:\/\/cresfort-law.com\/wp2\/?page_id=33"},"modified":"2025-06-13T12:45:21","modified_gmt":"2025-06-13T03:45:21","slug":"contact","status":"publish","type":"page","link":"https:\/\/cresfort-law.com\/index.php\/contact\/","title":{"rendered":"\u304a\u554f\u3044\u5408\u308f\u305b"},"content":{"rendered":"\n<p class=\"has-text-align-center animated fadeInLeft has-text-color\" style=\"color:#1e398f\"><strong>Contact<\/strong><\/p>\n\n\n\n<h2 class=\"has-text-align-center has-x-large-font-size\">\u304a\u554f\u3044\u5408\u308f\u305b<\/h2>\n\n\n\n<hr class=\"wp-block-separator has-alpha-channel-opacity is-style-wide\"\/>\n\n\n\n<p class=\"animated fadeInLeft\">\u3054\u76f8\u8ac7\u30fb\u304a\u554f\u3044\u5408\u308f\u305b\u306b\u3064\u304d\u307e\u3057\u3066\u306f\u4ee5\u4e0b\u306e\u5fc5\u8981\u4e8b\u9805\u3092\u3054\u5165\u529b\u306e\u4e0a\u3001\u304a\u554f\u3044\u5408\u308f\u305b\u304f\u3060\u3055\u3044\u3002<br>\u62c5\u5f53\u3088\u308a\u30e1\u30fc\u30eb\u306b\u3066\u8fd4\u4fe1\u3092\u3055\u305b\u3066\u9802\u304d\u307e\u3059\u3002 \uff08<strong>[\u5fc5\u9808]<\/strong>\u306f\u5fc5\u9808\u9805\u76ee\u3068\u306a\u308a\u307e\u3059\u3002\uff09<\/p>\n\n\n\n<div style=\"height:60px\" aria-hidden=\"true\" class=\"wp-block-spacer\"><\/div>\n\n\n\n\n<div class=\"wpcf7 no-js\" id=\"wpcf7-f198-o1\" lang=\"ja\" dir=\"ltr\">\n<div class=\"screen-reader-response\"><p role=\"status\" aria-live=\"polite\" aria-atomic=\"true\"><\/p> <ul><\/ul><\/div>\n<form action=\"\/index.php\/wp-json\/wp\/v2\/pages\/33#wpcf7-f198-o1\" method=\"post\" class=\"wpcf7-form init\" aria-label=\"\u30b3\u30f3\u30bf\u30af\u30c8\u30d5\u30a9\u30fc\u30e0\" novalidate=\"novalidate\" data-status=\"init\">\n<div style=\"display: none;\">\n<input type=\"hidden\" name=\"_wpcf7\" value=\"198\" \/>\n<input type=\"hidden\" name=\"_wpcf7_version\" value=\"5.7.7\" \/>\n<input type=\"hidden\" name=\"_wpcf7_locale\" value=\"ja\" \/>\n<input type=\"hidden\" name=\"_wpcf7_unit_tag\" value=\"wpcf7-f198-o1\" \/>\n<input type=\"hidden\" name=\"_wpcf7_container_post\" value=\"0\" \/>\n<input type=\"hidden\" name=\"_wpcf7_posted_data_hash\" value=\"\" \/>\n<input type=\"hidden\" name=\"_wpcf7_recaptcha_response\" value=\"\" \/>\n<\/div>\n<table class=\"CF7_table\">\n\t<tr>\n\t\t<th>\n\t\t\t<p><span class=\"CF7_req\">\u5fc5\u9808<\/span> \u304a\u540d\u524d\n\t\t\t<\/p>\n\t\t<\/th>\n\t\t<td>\n\t\t\t<p><span class=\"wpcf7-form-control-wrap\" data-name=\"your-name\"><input size=\"40\" class=\"wpcf7-form-control wpcf7-text wpcf7-validates-as-required\" aria-required=\"true\" aria-invalid=\"false\" placeholder=\"\u4f8b\uff1a\u3042\u306a\u305f\u306e\u304a\u540d\u524d\" value=\"\" type=\"text\" name=\"your-name\" \/><\/span>\n\t\t\t<\/p>\n\t\t<\/td>\n\t<\/tr>\n\t<tr>\n\t\t<th>\n\t\t\t<p><span class=\"CF7_unreq\">\u4efb\u610f<\/span>\u304a\u96fb\u8a71\u756a\u53f7\n\t\t\t<\/p>\n\t\t<\/th>\n\t\t<td>\n\t\t\t<p><span class=\"wpcf7-form-control-wrap\" data-name=\"your-tel\"><input size=\"40\" class=\"wpcf7-form-control wpcf7-text\" aria-invalid=\"false\" placeholder=\"\u4f8b\uff1a03-1234-5678\" value=\"\" type=\"text\" name=\"your-tel\" \/><\/span>\n\t\t\t<\/p>\n\t\t<\/td>\n\t<\/tr>\n\t<tr>\n\t\t<th>\n\t\t\t<p><span class=\"CF7_req\">\u5fc5\u9808<\/span> \u30e1\u30fc\u30eb\u30a2\u30c9\u30ec\u30b9\n\t\t\t<\/p>\n\t\t<\/th>\n\t\t<td>\n\t\t\t<p><span class=\"wpcf7-form-control-wrap\" data-name=\"your-email\"><input size=\"40\" class=\"wpcf7-form-control wpcf7-text wpcf7-email wpcf7-validates-as-required wpcf7-validates-as-email\" aria-required=\"true\" aria-invalid=\"false\" placeholder=\"\u4f8b\uff1a\u00d7\u00d7\u00d7@\u00d7\u00d7\u00d7.com\" value=\"\" type=\"email\" name=\"your-email\" \/><\/span>\n\t\t\t<\/p>\n\t\t<\/td>\n\t<\/tr>\n\t<tr>\n\t\t<th>\n\t\t\t<p><span class=\"CF7_req\">\u5fc5\u9808<\/span>\u304a\u554f\u3044\u5408\u308f\u305b\u5185\u5bb9\n\t\t\t<\/p>\n\t\t<\/th>\n\t\t<td class=\"message-100\">\n\t\t\t<p><span class=\"wpcf7-form-control-wrap\" data-name=\"your-message\"><textarea cols=\"40\" rows=\"10\" class=\"wpcf7-form-control wpcf7-textarea wpcf7-validates-as-required\" aria-required=\"true\" aria-invalid=\"false\" placeholder=\"\u304a\u554f\u3044\u5408\u308f\u305b\u5185\u5bb9\u3092\u3054\u8a18\u5165\u304f\u3060\u3055\u3044\" name=\"your-message\"><\/textarea><\/span>\u3000\n\t\t\t<\/p>\n\t\t<\/td>\n\t<\/tr>\n<\/table>\n<div class=\"submit_btn\">\n\t<p><input class=\"wpcf7-form-control has-spinner wpcf7-submit\" type=\"submit\" value=\"\u5165\u529b\u5185\u5bb9\u3092\u78ba\u8a8d\u3059\u308b\" \/><br \/>\n<input type=\"hidden\" name=\"_cf7msm_multistep_tag\" class=\"wpcf7-form-control cf7msm-multistep wpcf7-multistep\" value=\"{&quot;first_step&quot;:1,&quot;next_url&quot;:&quot;.\\\/index.php\\\/contact_confirm&quot;}\" \/><input type=\"hidden\" name=\"cf7msm-no-ss\" value=\"\" \/>\n\t<\/p>\n<\/div><div class=\"wpcf7-response-output\" aria-hidden=\"true\"><\/div>\n<\/form>\n<\/div>\n\n\n\n\n<div class=\"is-layout-constrained wp-block-group alignfull has-cyan-bluish-gray-background-color has-background\"><div class=\"wp-block-group__inner-container\">\n<div style=\"height:50px\" aria-hidden=\"true\" class=\"wp-block-spacer\"><\/div>\n\n\n\n<div class=\"is-layout-flex wp-container-5 wp-block-columns alignwide are-vertically-aligned-center\">\n<div class=\"is-layout-flow wp-block-column is-vertically-aligned-center\">\n<p class=\"has-white-color has-text-color has-medium-font-size\"><strong>\u5f01\u8b77\u58eb\u6cd5\u4eba\u30af\u30ec\u30b9\u30d5\u30a9\u30fc\u30c8\u6cd5\u5f8b\u4e8b\u52d9\u6240<\/strong><\/p>\n\n\n\n<p class=\"has-white-color has-text-color\">\u3012160-0022<br>\u6771\u4eac\u90fd\u65b0\u5bbf\u533a\u65b0\u5bbf1-4-13\u3000\u6e9d\u5442\u6728\u7b2c\uff12\u30d3\u30eb\uff16\uff10B<\/p>\n<\/div>\n\n\n\n<div class=\"is-layout-flow wp-block-column is-vertically-aligned-center\">\n<p class=\"has-text-align-center has-white-color has-text-color has-large-font-size\"><strong>03-6450-5531<\/strong><\/p>\n<\/div>\n\n\n\n<div class=\"is-layout-flow wp-block-column is-vertically-aligned-center\">\n<div class=\"is-layout-flex wp-block-buttons\">\n<div class=\"wp-block-button has-custom-width wp-block-button__width-100 has-custom-font-size is-style-outline has-medium-font-size\" style=\"font-style:normal;font-weight:600\"><a class=\"wp-block-button__link has-white-background-color has-background wp-element-button\" href=\"https:\/\/cresfort-law.com\/index.php\/contact\/\">\u30e1\u30fc\u30eb\u3067\u306e\u304a\u554f\u3044\u5408\u308f\u305b\u306f\u30b3\u30c1\u30e9<\/a><\/div>\n<\/div>\n<\/div>\n<\/div>\n\n\n\n<div style=\"height:20px\" aria-hidden=\"true\" class=\"wp-block-spacer\"><\/div>\n<\/div><\/div>\n\n\n\n<div style=\"height:0px\" aria-hidden=\"true\" class=\"wp-block-spacer\"><\/div>\n\n\n\n<div class=\"is-content-justification-center is-nowrap is-layout-flex wp-container-7 wp-block-group alignfull\">\n<iframe src=\"https:\/\/www.google.com\/maps\/embed?pb=!1m18!1m12!1m3!1d3240.545670122642!2d139.70902101119194!3d35.688187429477715!2m3!1f0!2f0!3f0!3m2!1i1024!2i768!4f13.1!3m3!1m2!1s0x60188dc04052cfa1%3A0x9336ea36da89530c!2z5byB6K235aOr5rOV5Lq644Kv44Os44K544OV44Kp44O844OI5rOV5b6L5LqL5YuZ5omA!5e0!3m2!1sja!2sjp!4v1685086879011!5m2!1sja!2sjp\" width=\"100%\" height=\"350\" style=\"border:0;\" allowfullscreen=\"\" loading=\"lazy\" referrerpolicy=\"no-referrer-when-downgrade\"><\/iframe>\n<\/div>\n","protected":false},"excerpt":{"rendered":"<p>Contact \u304a\u554f\u3044\u5408\u308f\u305b \u3054\u76f8\u8ac7\u30fb\u304a\u554f\u3044\u5408\u308f\u305b\u306b\u3064\u304d\u307e\u3057\u3066\u306f\u4ee5\u4e0b\u306e\u5fc5\u8981\u4e8b\u9805\u3092\u3054\u5165\u529b\u306e\u4e0a\u3001\u304a\u554f\u3044\u5408\u308f\u305b\u304f\u3060\u3055\u3044\u3002\u62c5\u5f53\u3088\u308a\u30e1\u30fc\u30eb\u306b\u3066\u8fd4\u4fe1\u3092\u3055\u305b\u3066\u9802\u304d\u307e\u3059\u3002 \uff08[\u5fc5\u9808]\u306f\u5fc5\u9808\u9805\u76ee\u3068\u306a\u308a\u307e\u3059\u3002\uff09 \u5f01\u8b77\u58eb\u6cd5\u4eba\u30af\u30ec\u30b9\u30d5\u30a9\u30fc\u30c8\u6cd5\u5f8b&#8230;<\/p>\n","protected":false},"author":1,"featured_media":0,"parent":0,"menu_order":0,"comment_status":"closed","ping_status":"closed","template":"","meta":[],"_links":{"self":[{"href":"https:\/\/cresfort-law.com\/index.php\/wp-json\/wp\/v2\/pages\/33"}],"collection":[{"href":"https:\/\/cresfort-law.com\/index.php\/wp-json\/wp\/v2\/pages"}],"about":[{"href":"https:\/\/cresfort-law.com\/index.php\/wp-json\/wp\/v2\/types\/page"}],"author":[{"embeddable":true,"href":"https:\/\/cresfort-law.com\/index.php\/wp-json\/wp\/v2\/users\/1"}],"replies":[{"embeddable":true,"href":"https:\/\/cresfort-law.com\/index.php\/wp-json\/wp\/v2\/comments?post=33"}],"version-history":[{"count":23,"href":"https:\/\/cresfort-law.com\/index.php\/wp-json\/wp\/v2\/pages\/33\/revisions"}],"predecessor-version":[{"id":313413,"href":"https:\/\/cresfort-law.com\/index.php\/wp-json\/wp\/v2\/pages\/33\/revisions\/313413"}],"wp:attachment":[{"href":"https:\/\/cresfort-law.com\/index.php\/wp-json\/wp\/v2\/media?parent=33"}],"curies":[{"name":"wp","href":"https:\/\/api.w.org\/{rel}","templated":true}]}}